{"id":1611,"date":"2023-10-18T14:31:34","date_gmt":"2023-10-18T12:31:34","guid":{"rendered":"https:\/\/salaalessio.com\/?page_id=1611"},"modified":"2025-05-29T16:41:46","modified_gmt":"2025-05-29T14:41:46","slug":"elementor-1611","status":"publish","type":"page","link":"https:\/\/salaalessio.com\/?page_id=1611","title":{"rendered":"About Me"},"content":{"rendered":"\t\t<div data-elementor-type=\"wp-page\" data-elementor-id=\"1611\" class=\"elementor elementor-1611\" data-elementor-post-type=\"page\">\n\t\t\t\t\t\t<section data-marvy_enable_drop_animation=\"false\" data-marvy_enable_fancy_rotate=\"false\" data-marvy_enable_flying_object=\"false\" data-marvy_enable_ripples_animation=\"false\" data-marvy_enable_waves_animation=\"false\" data-marvy_enable_rings_animation=\"false\" data-marvy_enable_topology_animation=\"false\" data-marvy_enable_gradient_animation=\"false\" data-marvy_enable_snow_animation=\"false\" data-marvy_enable_firework_animation=\"false\" data-marvy_enable_cloud_animation=\"false\" class=\"elementor-section elementor-top-section elementor-element elementor-element-0ea8211 elementor-section-stretched elementor-section-boxed elementor-section-height-default elementor-section-height-default wpr-particle-no wpr-jarallax-no wpr-parallax-no wpr-sticky-section-no\" data-id=\"0ea8211\" data-element_type=\"section\" data-settings=\"{&quot;stretch_section&quot;:&quot;section-stretched&quot;,&quot;background_background&quot;:&quot;classic&quot;}\">\n\t\t\t\t\t\t<div class=\"elementor-container elementor-column-gap-default\">\n\t\t\t\t\t<div class=\"elementor-column elementor-col-100 elementor-top-column elementor-element elementor-element-4561cb5\" data-id=\"4561cb5\" data-element_type=\"column\">\n\t\t\t<div class=\"elementor-widget-wrap elementor-element-populated\">\n\t\t\t\t\t\t<div class=\"elementor-element elementor-element-867ba99 elementor-fixed elementor-widget elementor-widget-progress-tracker\" data-id=\"867ba99\" data-element_type=\"widget\" data-settings=\"{&quot;direction&quot;:&quot;ltr&quot;,&quot;_position&quot;:&quot;fixed&quot;,&quot;type&quot;:&quot;horizontal&quot;,&quot;relative_to&quot;:&quot;entire_page&quot;}\" data-widget_type=\"progress-tracker.default\">\n\t\t\t\t<div class=\"elementor-widget-container\">\n\t\t\t\t\t\n\t\t<div class=\"elementor-scrolling-tracker elementor-scrolling-tracker-horizontal elementor-scrolling-tracker-alignment-\">\n\t\t\t\t\t\t<div class=\"current-progress\">\n\t\t\t\t\t<div class=\"current-progress-percentage\"><\/div>\n\t\t\t\t<\/div>\n\t\t\t\t<\/div>\n\t\t\t\t\t\t<\/div>\n\t\t\t\t<\/div>\n\t\t\t\t\t<\/div>\n\t\t<\/div>\n\t\t\t\t\t<\/div>\n\t\t<\/section>\n\t\t\t\t<section data-marvy_enable_drop_animation=\"false\" data-marvy_enable_fancy_rotate=\"false\" data-marvy_enable_flying_object=\"false\" data-marvy_enable_ripples_animation=\"false\" data-marvy_enable_waves_animation=\"false\" data-marvy_enable_rings_animation=\"false\" data-marvy_enable_topology_animation=\"false\" data-marvy_enable_gradient_animation=\"false\" data-marvy_enable_snow_animation=\"false\" data-marvy_enable_firework_animation=\"false\" data-marvy_enable_cloud_animation=\"false\" class=\"elementor-section elementor-top-section elementor-element elementor-element-7b1f9cd0 elementor-section-height-min-height elementor-section-items-stretch elementor-section-content-middle elementor-section-stretched elementor-section-boxed elementor-section-height-default wpr-particle-no wpr-jarallax-no wpr-parallax-no wpr-sticky-section-no\" data-id=\"7b1f9cd0\" data-element_type=\"section\" id=\"#top\" data-settings=\"{&quot;background_background&quot;:&quot;classic&quot;,&quot;stretch_section&quot;:&quot;section-stretched&quot;}\">\n\t\t\t\t\t\t<div class=\"elementor-container elementor-column-gap-default\">\n\t\t\t\t\t<div class=\"elementor-column elementor-col-100 elementor-top-column elementor-element elementor-element-136f6d3a\" data-id=\"136f6d3a\" data-element_type=\"column\">\n\t\t\t<div class=\"elementor-widget-wrap elementor-element-populated\">\n\t\t\t\t\t\t<div class=\"elementor-element elementor-element-7377c948 elementor-invisible elementor-widget elementor-widget-heading\" data-id=\"7377c948\" data-element_type=\"widget\" data-settings=\"{&quot;_animation&quot;:&quot;fadeIn&quot;}\" data-widget_type=\"heading.default\">\n\t\t\t\t<div class=\"elementor-widget-container\">\n\t\t\t\t\t<h2 class=\"elementor-heading-title elementor-size-default\">Oltre i Numeri: visione e passione per l\u2019analisi dei dati<\/h2>\t\t\t\t<\/div>\n\t\t\t\t<\/div>\n\t\t\t\t<div class=\"elementor-element elementor-element-7f4752eb elementor-invisible elementor-widget elementor-widget-text-editor\" data-id=\"7f4752eb\" data-element_type=\"widget\" data-settings=\"{&quot;_animation&quot;:&quot;fadeIn&quot;,&quot;_animation_delay&quot;:200}\" data-widget_type=\"text-editor.default\">\n\t\t\t\t<div class=\"elementor-widget-container\">\n\t\t\t\t\t\t\t\t\t<p>Amo i dati e le connessioni che raccontano: ogni numero, ogni informazione nasconde una storia, una relazione, una possibilit\u00e0. \u00c8 questa curiosit\u00e0 per le cause e le conseguenze, che mi ha spinto a scegliere il mondo dell\u2019analisi dati come mio percorso professionale.<\/p>\n<p>La programmazione \u00e8 per me molto pi\u00f9 che una competenza tecnica: \u00e8 il linguaggio con cui trasformo idee e intuizioni in strumenti reali, \u00e8 il ponte tra l\u2019astratto e il concreto. Scrivere codice significa dare vita a soluzioni, automatizzare processi, costruire modelli che aiutano a comprendere il presente e anticipare il futuro.<\/p>\n<p>Sono profondamente affascinato dall\u2019intelligenza \u2013 sia umana che artificiale \u2013 e dai modi in cui il pensiero evolve, si adatta, apprende. Mi piace esplorare come le informazioni, se opportunamente lette e interpretate, possano diventare la base per decisioni migliori, per innovare, per rendere ogni sistema pi\u00f9 efficiente e resiliente.<\/p>\n<p>Il mio approccio parte sempre dai fatti: osservo, raccolgo dati, li analizzo con attenzione e ne cerco il significato. Credo nella potenza dell\u2019osservazione, nell\u2019importanza del dettaglio e nella capacit\u00e0 di vedere oltre la superficie. Attraverso questa ricerca costruisco modelli che riproducono i processi decisionali e li automatizzano, liberando tempo ed energie per la creativit\u00e0, il vero motore del progresso umano.<\/p>\n<p>Per me, lavorare con i dati significa mettere insieme rigore analitico e immaginazione, disciplina e curiosit\u00e0. Significa, ogni giorno, cercare nuove domande da porsi, sfidare i limiti di ci\u00f2 che si conosce, e canalizzare informazioni, idee e tecnologie per costruire soluzioni che abbiano un impatto concreto sulle persone e sulle organizzazioni.<\/p>\n<p>Questa \u00e8 la mia passione, la mia professione e la mia sfida: utilizzare i dati non solo per spiegare il mondo, ma per trasformarlo.<\/p>\t\t\t\t\t\t\t\t<\/div>\n\t\t\t\t<\/div>\n\t\t\t\t\t<\/div>\n\t\t<\/div>\n\t\t\t\t\t<\/div>\n\t\t<\/section>\n\t\t\t\t<section data-marvy_enable_drop_animation=\"false\" data-marvy_enable_fancy_rotate=\"false\" data-marvy_enable_flying_object=\"false\" data-marvy_enable_ripples_animation=\"false\" data-marvy_enable_waves_animation=\"false\" data-marvy_enable_rings_animation=\"false\" data-marvy_enable_topology_animation=\"false\" data-marvy_enable_gradient_animation=\"false\" data-marvy_enable_snow_animation=\"false\" data-marvy_enable_firework_animation=\"false\" data-marvy_enable_cloud_animation=\"false\" class=\"elementor-section elementor-top-section elementor-element elementor-element-7494dffe elementor-section-full_width elementor-section-stretched elementor-section-height-default elementor-section-height-default wpr-particle-no wpr-jarallax-no wpr-parallax-no wpr-sticky-section-no\" data-id=\"7494dffe\" data-element_type=\"section\" data-settings=\"{&quot;stretch_section&quot;:&quot;section-stretched&quot;}\">\n\t\t\t\t\t\t<div class=\"elementor-container elementor-column-gap-default\">\n\t\t\t\t\t<div class=\"elementor-column elementor-col-100 elementor-top-column elementor-element elementor-element-1a58b598\" data-id=\"1a58b598\" data-element_type=\"column\">\n\t\t\t<div class=\"elementor-widget-wrap elementor-element-populated\">\n\t\t\t\t\t\t<div class=\"elementor-element elementor-element-6311daa5 elementor-widget elementor-widget-text-editor\" data-id=\"6311daa5\" data-element_type=\"widget\" data-widget_type=\"text-editor.default\">\n\t\t\t\t<div class=\"elementor-widget-container\">\n\t\t\t\t\t\t\t\t\t<p>Tutte le immagini sono state scaricate con <a href=\"https:\/\/www.vecteezy.com\/\" target=\"_blank\" rel=\"noopener\">vecteezy<\/a>!<\/p>\t\t\t\t\t\t\t\t<\/div>\n\t\t\t\t<\/div>\n\t\t\t\t<div class=\"elementor-element elementor-element-dab06ec elementor-fixed elementor-widget__width-initial elementor-view-default elementor-widget elementor-widget-icon\" data-id=\"dab06ec\" data-element_type=\"widget\" data-settings=\"{&quot;_position&quot;:&quot;fixed&quot;}\" data-widget_type=\"icon.default\">\n\t\t\t\t<div class=\"elementor-widget-container\">\n\t\t\t\t\t\t\t<div class=\"elementor-icon-wrapper\">\n\t\t\t<a class=\"elementor-icon\" href=\"#top_menu\">\n\t\t\t<i aria-hidden=\"true\" class=\"fas fa-arrow-circle-up\"><\/i>\t\t\t<\/a>\n\t\t<\/div>\n\t\t\t\t\t\t<\/div>\n\t\t\t\t<\/div>\n\t\t\t\t\t<\/div>\n\t\t<\/div>\n\t\t\t\t\t<\/div>\n\t\t<\/section>\n\t\t\t\t<\/div>\n\t\t","protected":false},"excerpt":{"rendered":"<p>Oltre i Numeri: visione e passione per l\u2019analisi dei dati Amo i dati e le connessioni che raccontano: ogni numero, ogni informazione nasconde una storia, una relazione, una possibilit\u00e0. \u00c8 questa curiosit\u00e0 per le cause e le conseguenze, che mi ha spinto a scegliere il mondo dell\u2019analisi dati come mio percorso professionale. La programmazione \u00e8 per me molto pi\u00f9 che una competenza tecnica: \u00e8 il linguaggio con cui trasformo idee e intuizioni in strumenti reali, \u00e8 il ponte tra l\u2019astratto e il concreto. Scrivere codice significa dare vita a soluzioni, automatizzare processi, costruire modelli che aiutano a comprendere il presente e anticipare il futuro. Sono profondamente affascinato dall\u2019intelligenza \u2013 sia umana che artificiale \u2013 e dai modi in cui il pensiero evolve, si adatta, apprende. Mi piace esplorare come le informazioni, se opportunamente lette e interpretate, possano diventare la base per decisioni migliori, per innovare, per rendere ogni sistema pi\u00f9 efficiente e resiliente. Il mio approccio parte sempre dai fatti: osservo, raccolgo dati, li analizzo con attenzione e ne cerco il significato. Credo nella potenza dell\u2019osservazione, nell\u2019importanza del dettaglio e nella capacit\u00e0 di vedere oltre la superficie. Attraverso questa ricerca costruisco modelli che riproducono i processi decisionali e li automatizzano, liberando tempo ed energie per la creativit\u00e0, il vero motore del progresso umano. Per me, lavorare con i dati significa mettere insieme rigore analitico e immaginazione, disciplina e curiosit\u00e0. Significa, ogni giorno, cercare nuove domande da porsi, sfidare i limiti di ci\u00f2 che si conosce, e canalizzare informazioni, idee e tecnologie per costruire soluzioni che abbiano un impatto concreto sulle persone e sulle organizzazioni. Questa \u00e8 la mia passione, la mia professione e la mia sfida: utilizzare i dati non solo per spiegare il mondo, ma per trasformarlo. Tutte le immagini sono state scaricate con vecteezy!<\/p>\n","protected":false},"author":1,"featured_media":0,"parent":0,"menu_order":5,"comment_status":"closed","ping_status":"closed","template":"","meta":{"_monsterinsights_skip_tracking":false,"_monsterinsights_sitenote_active":false,"_monsterinsights_sitenote_note":"","_monsterinsights_sitenote_category":0,"footnotes":""},"_links":{"self":[{"href":"https:\/\/salaalessio.com\/index.php?rest_route=\/wp\/v2\/pages\/1611"}],"collection":[{"href":"https:\/\/salaalessio.com\/index.php?rest_route=\/wp\/v2\/pages"}],"about":[{"href":"https:\/\/salaalessio.com\/index.php?rest_route=\/wp\/v2\/types\/page"}],"author":[{"embeddable":true,"href":"https:\/\/salaalessio.com\/index.php?rest_route=\/wp\/v2\/users\/1"}],"replies":[{"embeddable":true,"href":"https:\/\/salaalessio.com\/index.php?rest_route=%2Fwp%2Fv2%2Fcomments&post=1611"}],"version-history":[{"count":98,"href":"https:\/\/salaalessio.com\/index.php?rest_route=\/wp\/v2\/pages\/1611\/revisions"}],"predecessor-version":[{"id":2964,"href":"https:\/\/salaalessio.com\/index.php?rest_route=\/wp\/v2\/pages\/1611\/revisions\/2964"}],"wp:attachment":[{"href":"https:\/\/salaalessio.com\/index.php?rest_route=%2Fwp%2Fv2%2Fmedia&parent=1611"}],"curies":[{"name":"wp","href":"https:\/\/api.w.org\/{rel}","templated":true}]}}